{"id":26,"date":"2019-10-30T08:04:23","date_gmt":"2019-10-30T08:04:23","guid":{"rendered":"https:\/\/demo.casethemes.net\/consultio-business2\/?page_id=26"},"modified":"2025-09-24T18:18:41","modified_gmt":"2025-09-24T18:18:41","slug":"abogado-daniel-albert","status":"publish","type":"page","link":"https:\/\/rocwork.space\/danielalbertes\/abogado-daniel-albert\/","title":{"rendered":"Abogado Daniel Albert"},"content":{"rendered":"\t\t<div data-elementor-type=\"wp-page\" data-elementor-id=\"26\" class=\"elementor elementor-26\">\n\t\t\t\t        <section class=\"elementor-section elementor-top-section elementor-element elementor-element-bf4d915 elementor-section-boxed elementor-section-height-default elementor-section-height-default ct-header-fixed-none ct-row-max-none\" data-id=\"bf4d915\" data-element_type=\"section\">\n            \n                        <div class=\"elementor-container elementor-column-gap-extended \">\n                    <div class=\"elementor-column elementor-col-50 elementor-top-column elementor-element elementor-element-5282614\" data-id=\"5282614\" data-element_type=\"column\">\n        <div class=\"elementor-widget-wrap elementor-element-populated\">\n                    \n        \t\t<div class=\"elementor-element elementor-element-ea81c19 elementor-widget elementor-widget-spacer\" data-id=\"ea81c19\" data-element_type=\"widget\" data-widget_type=\"spacer.default\">\n\t\t\t\t<div class=\"elementor-widget-container\">\n\t\t\t\t\t\t\t<div class=\"elementor-spacer\">\n\t\t\t<div class=\"elementor-spacer-inner\"><\/div>\n\t\t<\/div>\n\t\t\t\t\t\t<\/div>\n\t\t\t\t<\/div>\n\t\t\t\t<div class=\"elementor-element elementor-element-9d091b6 elementor-widget elementor-widget-ct_heading\" data-id=\"9d091b6\" data-element_type=\"widget\" data-widget_type=\"ct_heading.default\">\n\t\t\t\t<div class=\"elementor-widget-container\">\n\t\t\t\t\t<div id=\"ct_heading-9d091b6\" class=\"ct-heading h-align- sub- ct-heading-left item-st-line-top1\">\r\n\t<div class=\"ct-item--inner\">\r\n        <div class=\"ct-inline-css\"  data-css=\"\r\n            \">\r\n        <\/div>\r\n                <h3 class=\"item--title st-line-top1 case-animate-time\" data-wow-delay=\"ms\">\r\n                            <div class=\"ct-heading-divider\"><span><\/span><\/div>\r\n                        <span class=\"sp-main\">\r\n                \r\n                 Attorney Daniel F. Albert \r\n                \r\n                            <\/span>\r\n                    <\/h3>\r\n    <\/div>\r\n<\/div>\t\t\t\t<\/div>\n\t\t\t\t<\/div>\n\t\t\t\t<div class=\"elementor-element elementor-element-176c3a2 elementor-widget elementor-widget-text-editor\" data-id=\"176c3a2\" data-element_type=\"widget\" data-widget_type=\"text-editor.default\">\n\t\t\t\t<div class=\"elementor-widget-container\">\n\t\t\t\t\t\t\t\t\t<p data-start=\"318\" data-end=\"733\">Desde hace m\u00e1s de 20 a\u00f1os, el abogado <strong data-start=\"356\" data-end=\"376\">Daniel F. Albert<\/strong> ha dedicado su vida profesional a defender los derechos y proteger los intereses de sus clientes. Tras iniciar su carrera en prestigiosas firmas internacionales en Nueva York, Washington D.C. y Jacksonville, tom\u00f3 la decisi\u00f3n de fundar su propio despacho para ofrecer un servicio m\u00e1s cercano, humano y enfocado en las verdaderas necesidades de la comunidad.<\/p><p data-start=\"735\" data-end=\"1010\">Su misi\u00f3n es clara: brindar asesor\u00eda legal de calidad, con estrategias efectivas y un trato personalizado que genere confianza en cada paso del proceso. Porque para Daniel, cada caso no es solo un expediente, es una historia de vida que merece atenci\u00f3n, respeto y dedicaci\u00f3n.<\/p>\t\t\t\t\t\t\t\t<\/div>\n\t\t\t\t<\/div>\n\t\t\t\t<div class=\"elementor-element elementor-element-648b0a7 elementor-widget elementor-widget-text-editor\" data-id=\"648b0a7\" data-element_type=\"widget\" data-widget_type=\"text-editor.default\">\n\t\t\t\t<div class=\"elementor-widget-container\">\n\t\t\t\t\t\t\t\t\t<p>Daniel comprende lo frustrante que puede ser tener que enfrentarse a un problema legal y la necesidad de encontrar a alguien con conocimientos y de confianza que le ayude a superar el proceso. Sabe que no puede ayudar a sus clientes a resolver todos sus problemas, pero quiere tranquilizarles en lo que respecta a sus preocupaciones legales para que puedan centrarse en sus propias necesidades y en las de sus familias. Habiendo visto el impacto que tiene en los clientes una mala representaci\u00f3n legal, Daniel ofrece los servicios legales m\u00e1s comunes para satisfacer las necesidades cotidianas de sus clientes.<\/p>\t\t\t\t\t\t\t\t<\/div>\n\t\t\t\t<\/div>\n\t\t\t\t<div class=\"elementor-element elementor-element-586ba16 elementor-widget elementor-widget-spacer\" data-id=\"586ba16\" data-element_type=\"widget\" data-widget_type=\"spacer.default\">\n\t\t\t\t<div class=\"elementor-widget-container\">\n\t\t\t\t\t\t\t<div class=\"elementor-spacer\">\n\t\t\t<div class=\"elementor-spacer-inner\"><\/div>\n\t\t<\/div>\n\t\t\t\t\t\t<\/div>\n\t\t\t\t<\/div>\n\t\t            <\/div>\n        <\/div>\n                <div class=\"elementor-column elementor-col-50 elementor-top-column elementor-element elementor-element-07e4861\" data-id=\"07e4861\" data-element_type=\"column\">\n        <div class=\"elementor-widget-wrap elementor-element-populated\">\n                    \n        \t\t<div class=\"elementor-element elementor-element-846e02b elementor-widget elementor-widget-image\" data-id=\"846e02b\" data-element_type=\"widget\" data-widget_type=\"image.default\">\n\t\t\t\t<div class=\"elementor-widget-container\">\n\t\t\t\t\t\t\t\t\t\t\t\t\t\t\t<img fetchpriority=\"high\" decoding=\"async\" width=\"610\" height=\"720\" src=\"https:\/\/rocwork.space\/danielalbertes\/wp-content\/uploads\/2025\/09\/proven-experience.png\" class=\"attachment-full size-full wp-image-28964\" alt=\"\" srcset=\"https:\/\/rocwork.space\/danielalbertes\/wp-content\/uploads\/2025\/09\/proven-experience.png 610w, https:\/\/rocwork.space\/danielalbertes\/wp-content\/uploads\/2025\/09\/proven-experience-254x300.png 254w\" sizes=\"(max-width: 610px) 100vw, 610px\" \/>\t\t\t\t\t\t\t\t\t\t\t\t\t\t\t<\/div>\n\t\t\t\t<\/div>\n\t\t            <\/div>\n        <\/div>\n                    <\/div>\n        <\/section>\n        <div class=\"elementor-element elementor-element-978b6c4 e-flex e-con-boxed e-con e-parent\" data-id=\"978b6c4\" data-element_type=\"container\" data-settings=\"{&quot;background_background&quot;:&quot;classic&quot;}\">\n\t\t\t\t\t<div class=\"e-con-inner\">\n\t\t\t\t<div class=\"elementor-element elementor-element-b7b7f77 elementor-widget elementor-widget-heading\" data-id=\"b7b7f77\" data-element_type=\"widget\" data-widget_type=\"heading.default\">\n\t\t\t\t<div class=\"elementor-widget-container\">\n\t\t\t\t\t<h2 class=\"elementor-heading-title elementor-size-default\">Educaci\u00f3n<\/h2>\t\t\t\t<\/div>\n\t\t\t\t<\/div>\n\t\t\t\t<div class=\"elementor-element elementor-element-78ae160 elementor-widget elementor-widget-ct_history\" data-id=\"78ae160\" data-element_type=\"widget\" data-widget_type=\"ct_history.default\">\n\t\t\t\t<div class=\"elementor-widget-container\">\n\t\t\t\t\t<div class=\"ct-history1\">\r\n\t\t\t<div class=\"ct-history--start\">\r\n\t\t\tInicio\t\t<\/div>\r\n\t\t\t\t<div class=\"ct-history--holder\">\r\n\t\t\t<div class=\"ct-history--odd\">\r\n\t\t\t\t\t\t\t\t\t\t\t\t\t\t<div class=\"ct-history--item elementor-repeater-item-94b661a\">\r\n\t\t\t\t\t\t\t<div class=\"ct-history--meta\">\r\n\t\t\t\t\t\t\t\t<h3>\r\n\t\t\t\t\t\t\t\t\t\t\t\t\t\t\t\t\t\t\t2002\t\t\t\t\t\t\t\t\t\t\t\t\t\t\t\t\t<\/h3>\r\n\t\t\t\t\t\t\t\t<span>M\u00e1ster en Administraci\u00f3n de Empresas con especializaci\u00f3n en finanzas y contabilidad (MBA)\nUniversidad de Nueva Orleans\nNueva Orleans, Luisiana<\/span>\r\n\t\t\t\t\t\t\t<\/div>\r\n\t\t\t\t\t\t<\/div>\r\n\t\t\t\t\t\t\t\t\t\t\t\t\t\t\t\t\t\t\t<div class=\"ct-history--item elementor-repeater-item-c00ee7f\">\r\n\t\t\t\t\t\t\t<div class=\"ct-history--meta\">\r\n\t\t\t\t\t\t\t\t<h3>\r\n\t\t\t\t\t\t\t\t\t\t\t\t\t\t\t\t\t\t\t2007\t\t\t\t\t\t\t\t\t\t\t\t\t\t\t\t\t<\/h3>\r\n\t\t\t\t\t\t\t\t<span>M\u00e1ster en Derecho Tributario (LL.M.)\nFacultad de Derecho Pritzker y Facultad de Administraci\u00f3n Kellogg de la Universidad Northwestern.\nChicago, Illinois.<\/span>\r\n\t\t\t\t\t\t\t<\/div>\r\n\t\t\t\t\t\t<\/div>\r\n\t\t\t\t\t\t\t\t\t\t\t\t\t\t\t\t\t\t\t<div class=\"ct-history--item elementor-repeater-item-60f348b\">\r\n\t\t\t\t\t\t\t<div class=\"ct-history--meta\">\r\n\t\t\t\t\t\t\t\t<h3>\r\n\t\t\t\t\t\t\t\t\t\t\t\t\t\t\t\t\t\t\t2018\t\t\t\t\t\t\t\t\t\t\t\t\t\t\t\t\t<\/h3>\r\n\t\t\t\t\t\t\t\t<span>Graduado, Cuerpo de Abogados Generales del Ej\u00e9rcito de los Estados Unidos.\nCurso b\u00e1sico para oficiales del Cuerpo de Abogados Generales.\nEscuela del Cuerpo de Abogados Generales del Ej\u00e9rcito de los Estados Unidos.\nFacultad de Derecho de la Universidad de Virginia.\nCharlottesville, Virginia.<\/span>\r\n\t\t\t\t\t\t\t<\/div>\r\n\t\t\t\t\t\t<\/div>\r\n\t\t\t\t\t\t\t\t\t\t\t\t\t\t\t\t\t\t\t<div class=\"ct-history--item elementor-repeater-item-094e427\">\r\n\t\t\t\t\t\t\t<div class=\"ct-history--meta\">\r\n\t\t\t\t\t\t\t\t<h3>\r\n\t\t\t\t\t\t\t\t\t\t\t\t\t\t\t\t\t\t\t2021\t\t\t\t\t\t\t\t\t\t\t\t\t\t\t\t\t<\/h3>\r\n\t\t\t\t\t\t\t\t<span>Graduado\nTrial Lawyers College (Facultad de Abogados Litigantes)\nEstes Park, Colorado<\/span>\r\n\t\t\t\t\t\t\t<\/div>\r\n\t\t\t\t\t\t<\/div>\r\n\t\t\t\t\t\t\t\t\t\t\t\t<\/div>\r\n\t\t\t<div class=\"ct-history--even\">\r\n\t\t\t\t\t\t\t\t\t\t<div class=\"ct-history--item elementor-repeater-item-d10d5c8\">\r\n\t\t\t\t\t\t\t<div class=\"ct-history--meta\">\r\n\t\t\t\t\t\t\t\t<h3>\r\n\t\t\t\t\t\t\t\t\t\t\t\t\t\t\t\t\t\t\t1999\t\t\t\t\t\t\t\t\t\t\t\t\t\t\t\t\t<\/h3>\r\n\t\t\t\t\t\t\t\t<span>Licenciatura en Ingenier\u00eda Biom\u00e9dica\nFacultad de Ingenier\u00eda de la Universidad de Tulane\nNueva Orleans, Luisiana<\/span>\r\n\t\t\t\t\t\t\t<\/div>\r\n\t\t\t\t\t\t<\/div>\r\n\t\t\t\t\t\t\t\t\t\t\t\t\t\t\t\t\t\t\t<div class=\"ct-history--item elementor-repeater-item-56108b1\">\r\n\t\t\t\t\t\t\t<div class=\"ct-history--meta\">\r\n\t\t\t\t\t\t\t\t<h3>\r\n\t\t\t\t\t\t\t\t\t\t\t\t\t\t\t\t\t\t\t2006\t\t\t\t\t\t\t\t\t\t\t\t\t\t\t\t\t<\/h3>\r\n\t\t\t\t\t\t\t\t<span>Doctor en Jurisprudencia (J.D.) cum laude\nFacultad de Derecho de la Universidad Central de Carolina del Norte\nDurham, Carolina del Norte\n<\/span>\r\n\t\t\t\t\t\t\t<\/div>\r\n\t\t\t\t\t\t<\/div>\r\n\t\t\t\t\t\t\t\t\t\t\t\t\t\t\t\t\t\t\t<div class=\"ct-history--item elementor-repeater-item-49c19e4\">\r\n\t\t\t\t\t\t\t<div class=\"ct-history--meta\">\r\n\t\t\t\t\t\t\t\t<h3>\r\n\t\t\t\t\t\t\t\t\t\t\t\t\t\t\t\t\t\t\t2017\t\t\t\t\t\t\t\t\t\t\t\t\t\t\t\t\t<\/h3>\r\n\t\t\t\t\t\t\t\t<span>M\u00e1ster en Desarrollo Inmobiliario (MRED)\nUniversidad de Auburn, Facultad de Negocios Raymond J. Harbert y Facultad de Arquitectura, Dise\u00f1o y Construcci\u00f3n.\nAuburn, Alabama.<\/span>\r\n\t\t\t\t\t\t\t<\/div>\r\n\t\t\t\t\t\t<\/div>\r\n\t\t\t\t\t\t\t\t\t\t\t\t\t\t\t\t\t\t\t<div class=\"ct-history--item elementor-repeater-item-4c4e8fe\">\r\n\t\t\t\t\t\t\t<div class=\"ct-history--meta\">\r\n\t\t\t\t\t\t\t\t<h3>\r\n\t\t\t\t\t\t\t\t\t\t\t\t\t\t\t\t\t\t\t2021\t\t\t\t\t\t\t\t\t\t\t\t\t\t\t\t\t<\/h3>\r\n\t\t\t\t\t\t\t\t<span>Graduado, Escuela B\u00e1sica de Juicios\nInstituto Nacional de Defensa Judicial (NITA)<\/span>\r\n\t\t\t\t\t\t\t<\/div>\r\n\t\t\t\t\t\t<\/div>\r\n\t\t\t\t\t\t\t\t\t\t\t\t\t\t\t\t<\/div>\r\n\t\t<\/div>\r\n\t\t<\/div>\t\t\t\t<\/div>\n\t\t\t\t<\/div>\n\t\t\t\t\t<\/div>\n\t\t\t\t<\/div>\n\t\t\t\t<\/div>\n\t\t","protected":false},"excerpt":{"rendered":"<p>Attorney Daniel F. Albert Desde hace m\u00e1s de 20 a\u00f1os, el abogado Daniel F. Albert ha dedicado su vida profesional a defender los derechos y proteger los intereses de sus clientes. Tras iniciar su carrera en prestigiosas firmas internacionales en Nueva York, Washington D.C. y Jacksonville, tom\u00f3 la decisi\u00f3n de fundar su propio despacho para [&hellip;]<\/p>\n","protected":false},"author":1,"featured_media":0,"parent":0,"menu_order":0,"comment_status":"closed","ping_status":"closed","template":"","meta":{"footnotes":""},"class_list":["post-26","page","type-page","status-publish","hentry"],"_links":{"self":[{"href":"https:\/\/rocwork.space\/danielalbertes\/wp-json\/wp\/v2\/pages\/26","targetHints":{"allow":["GET"]}}],"collection":[{"href":"https:\/\/rocwork.space\/danielalbertes\/wp-json\/wp\/v2\/pages"}],"about":[{"href":"https:\/\/rocwork.space\/danielalbertes\/wp-json\/wp\/v2\/types\/page"}],"author":[{"embeddable":true,"href":"https:\/\/rocwork.space\/danielalbertes\/wp-json\/wp\/v2\/users\/1"}],"replies":[{"embeddable":true,"href":"https:\/\/rocwork.space\/danielalbertes\/wp-json\/wp\/v2\/comments?post=26"}],"version-history":[{"count":35,"href":"https:\/\/rocwork.space\/danielalbertes\/wp-json\/wp\/v2\/pages\/26\/revisions"}],"predecessor-version":[{"id":28982,"href":"https:\/\/rocwork.space\/danielalbertes\/wp-json\/wp\/v2\/pages\/26\/revisions\/28982"}],"wp:attachment":[{"href":"https:\/\/rocwork.space\/danielalbertes\/wp-json\/wp\/v2\/media?parent=26"}],"curies":[{"name":"wp","href":"https:\/\/api.w.org\/{rel}","templated":true}]}}