{"id":7435,"date":"2025-03-25T23:20:41","date_gmt":"2025-03-25T23:20:41","guid":{"rendered":"https:\/\/rocwork.space\/connecti\/?page_id=7435"},"modified":"2025-03-28T01:40:43","modified_gmt":"2025-03-28T01:40:43","slug":"planes","status":"publish","type":"page","link":"https:\/\/rocwork.space\/connecti\/planes\/","title":{"rendered":"Planes"},"content":{"rendered":"\t\t<div data-elementor-type=\"wp-page\" data-elementor-id=\"7435\" class=\"elementor elementor-7435\">\n\t\t\t\t<div class=\"elementor-element elementor-element-4a8e835 e-flex e-con-boxed e-con e-parent\" data-id=\"4a8e835\" data-element_type=\"container\" data-settings=\"{&quot;background_background&quot;:&quot;classic&quot;}\">\n\t\t\t\t\t<div class=\"e-con-inner\">\n\t\t<div class=\"elementor-element elementor-element-ce4d494 e-con-full e-flex e-con e-child\" data-id=\"ce4d494\" data-element_type=\"container\">\n\t\t\t\t<div class=\"elementor-element elementor-element-72c6bf6 elementor-widget elementor-widget-text-editor\" data-id=\"72c6bf6\" data-element_type=\"widget\" data-widget_type=\"text-editor.default\">\n\t\t\t\t<div class=\"elementor-widget-container\">\n\t\t\t\t\t\t\t\t\tPlanes\t\t\t\t\t\t\t\t<\/div>\n\t\t\t\t<\/div>\n\t\t\t\t<div class=\"elementor-element elementor-element-68644f8 elementor-widget elementor-widget-text-editor\" data-id=\"68644f8\" data-element_type=\"widget\" data-widget_type=\"text-editor.default\">\n\t\t\t\t<div class=\"elementor-widget-container\">\n\t\t\t\t\t\t\t\t\t<p><span class=\"qodef-subtitle\">Connecti Pro est\u00e1 aqu\u00ed para acompa\u00f1arte en tu camino de digitalizar y dinamizar tu comunidad de negocios. <\/span><\/p>\t\t\t\t\t\t\t\t<\/div>\n\t\t\t\t<\/div>\n\t\t\t\t<\/div>\n\t\t<div class=\"elementor-element elementor-element-38ce1f6 e-con-full e-flex e-con e-child\" data-id=\"38ce1f6\" data-element_type=\"container\">\n\t\t\t\t<\/div>\n\t\t\t\t\t<\/div>\n\t\t\t\t<\/div>\n\t\t\t\t<section class=\"elementor-section elementor-top-section elementor-element elementor-element-f7ef792 qodef_elementor_container_inner elementor-section-boxed elementor-section-height-default elementor-section-height-default parallax_section_no\" data-id=\"f7ef792\" data-element_type=\"section\">\n\t\t\t\t\t\t<div class=\"elementor-container elementor-column-gap-default\">\n\t\t\t\t\t<div class=\"elementor-column elementor-col-100 elementor-top-column elementor-element elementor-element-10ed2b9\" data-id=\"10ed2b9\" data-element_type=\"column\">\n\t\t\t<div class=\"elementor-widget-wrap elementor-element-populated\">\n\t\t\t\t\t\t<div class=\"elementor-element elementor-element-3e2399b elementor-widget elementor-widget-text-editor\" data-id=\"3e2399b\" data-element_type=\"widget\" data-widget_type=\"text-editor.default\">\n\t\t\t\t<div class=\"elementor-widget-container\">\n\t\t\t\t\t\t\t\t\t<p>Connecti Pro<\/p>\t\t\t\t\t\t\t\t<\/div>\n\t\t\t\t<\/div>\n\t\t\t\t<div class=\"elementor-element elementor-element-03a6f05 elementor-widget elementor-widget-spacer\" data-id=\"03a6f05\" data-element_type=\"widget\" data-widget_type=\"spacer.default\">\n\t\t\t\t<div class=\"elementor-widget-container\">\n\t\t\t\t\t\t\t<div class=\"elementor-spacer\">\n\t\t\t<div class=\"elementor-spacer-inner\"><\/div>\n\t\t<\/div>\n\t\t\t\t\t\t<\/div>\n\t\t\t\t<\/div>\n\t\t\t\t<div class=\"elementor-element elementor-element-3d8c8e0 elementor-widget elementor-widget-text-editor\" data-id=\"3d8c8e0\" data-element_type=\"widget\" data-widget_type=\"text-editor.default\">\n\t\t\t\t<div class=\"elementor-widget-container\">\n\t\t\t\t\t\t\t\t\t<p style=\"text-align: center;\">Ofrece diferentes planes adaptados a la escala y necesidades de tu organizaci\u00f3n. Desde peque\u00f1as asociaciones que inician su transformaci\u00f3n digital hasta c\u00e1maras de comercio con cientos o miles de afiliados, tenemos una soluci\u00f3n que se ajusta a tu realidad.<\/p>\t\t\t\t\t\t\t\t<\/div>\n\t\t\t\t<\/div>\n\t\t\t\t\t<\/div>\n\t\t<\/div>\n\t\t\t\t\t<\/div>\n\t\t<\/section>\n\t\t<div class=\"elementor-element elementor-element-a6b44a6 e-flex e-con-boxed e-con e-parent\" data-id=\"a6b44a6\" data-element_type=\"container\">\n\t\t\t\t\t<div class=\"e-con-inner\">\n\t\t<div class=\"elementor-element elementor-element-ebefd58 e-con-full e-flex elementor-invisible e-con e-child\" data-id=\"ebefd58\" data-element_type=\"container\" data-settings=\"{&quot;animation&quot;:&quot;fadeInLeft&quot;}\">\n\t\t\t\t<div class=\"elementor-element elementor-element-0b07d20 elementor-widget elementor-widget-text-editor\" data-id=\"0b07d20\" data-element_type=\"widget\" data-widget_type=\"text-editor.default\">\n\t\t\t\t<div class=\"elementor-widget-container\">\n\t\t\t\t\t\t\t\t\t<p>Plan B\u00e1sico<\/p>\t\t\t\t\t\t\t\t<\/div>\n\t\t\t\t<\/div>\n\t\t\t\t<div class=\"elementor-element elementor-element-96c6d9e elementor-widget elementor-widget-text-editor\" data-id=\"96c6d9e\" data-element_type=\"widget\" data-widget_type=\"text-editor.default\">\n\t\t\t\t<div class=\"elementor-widget-container\">\n\t\t\t\t\t\t\t\t\tIdeal para asociaciones peque\u00f1as o en fase inicial que deseen un entorno de comunicaci\u00f3n centralizado y aprovechar herramientas de referidos, networking y eventos.\t\t\t\t\t\t\t\t<\/div>\n\t\t\t\t<\/div>\n\t\t\t\t<div class=\"elementor-element elementor-element-40e7d77 elementor-widget-divider--view-line elementor-widget elementor-widget-divider\" data-id=\"40e7d77\" data-element_type=\"widget\" data-widget_type=\"divider.default\">\n\t\t\t\t<div class=\"elementor-widget-container\">\n\t\t\t\t\t\t\t<div class=\"elementor-divider\">\n\t\t\t<span class=\"elementor-divider-separator\">\n\t\t\t\t\t\t<\/span>\n\t\t<\/div>\n\t\t\t\t\t\t<\/div>\n\t\t\t\t<\/div>\n\t\t\t\t<div class=\"elementor-element elementor-element-6f42e76 elementor-widget elementor-widget-text-editor\" data-id=\"6f42e76\" data-element_type=\"widget\" data-widget_type=\"text-editor.default\">\n\t\t\t\t<div class=\"elementor-widget-container\">\n\t\t\t\t\t\t\t\t\t<p><strong>Caracter\u00edsticas principales:<\/strong><\/p><ul><li>Hasta <strong>50 usuarios<\/strong><\/li><li><strong>M\u00f3dulos incluidos<\/strong>: Red Social Interna, Referidos, One to One, Negocios Obtenidos, Estad\u00edsticas B\u00e1sicas<\/li><li><strong>Soporte est\u00e1ndar<\/strong> v\u00eda correo electr\u00f3nico<\/li><li><strong>1 sesi\u00f3n de capacitaci\u00f3n<\/strong> inicial<\/li><li>Acceso completo a la <strong>biblioteca de tutoriales<\/strong> y manuales en espa\u00f1ol<\/li><\/ul>\t\t\t\t\t\t\t\t<\/div>\n\t\t\t\t<\/div>\n\t\t\t\t<div class=\"elementor-element elementor-element-45981aa elementor-widget-divider--view-line elementor-widget elementor-widget-divider\" data-id=\"45981aa\" data-element_type=\"widget\" data-widget_type=\"divider.default\">\n\t\t\t\t<div class=\"elementor-widget-container\">\n\t\t\t\t\t\t\t<div class=\"elementor-divider\">\n\t\t\t<span class=\"elementor-divider-separator\">\n\t\t\t\t\t\t<\/span>\n\t\t<\/div>\n\t\t\t\t\t\t<\/div>\n\t\t\t\t<\/div>\n\t\t\t\t<div class=\"elementor-element elementor-element-93a7cb0 elementor-widget elementor-widget-text-editor\" data-id=\"93a7cb0\" data-element_type=\"widget\" data-widget_type=\"text-editor.default\">\n\t\t\t\t<div class=\"elementor-widget-container\">\n\t\t\t\t\t\t\t\t\t<strong>Setup<\/strong> (pago \u00fanico de implementaci\u00f3n): 300 USD\n<br>\n<strong>Suscripci\u00f3n Mensual<\/strong>: 100 USD\n<br>\n<strong>Hosting Anual<\/strong>: 300 USD (cubre infraestructura, mantenimiento y actualizaciones)\t\t\t\t\t\t\t\t<\/div>\n\t\t\t\t<\/div>\n\t\t\t\t<\/div>\n\t\t<div class=\"elementor-element elementor-element-e25b46b e-con-full e-flex elementor-invisible e-con e-child\" data-id=\"e25b46b\" data-element_type=\"container\" data-settings=\"{&quot;animation&quot;:&quot;fadeInRight&quot;}\">\n\t\t\t\t<div class=\"elementor-element elementor-element-9fa2022 elementor-widget elementor-widget-text-editor\" data-id=\"9fa2022\" data-element_type=\"widget\" data-widget_type=\"text-editor.default\">\n\t\t\t\t<div class=\"elementor-widget-container\">\n\t\t\t\t\t\t\t\t\t<p>Plan Pro<\/p>\t\t\t\t\t\t\t\t<\/div>\n\t\t\t\t<\/div>\n\t\t\t\t<div class=\"elementor-element elementor-element-20a11d3 elementor-widget elementor-widget-text-editor\" data-id=\"20a11d3\" data-element_type=\"widget\" data-widget_type=\"text-editor.default\">\n\t\t\t\t<div class=\"elementor-widget-container\">\n\t\t\t\t\t\t\t\t\tDirigido a organizaciones medianas que necesitan un mayor n\u00famero de usuarios y desean profundizar en la colaboraci\u00f3n y el intercambio de referidos.\t\t\t\t\t\t\t\t<\/div>\n\t\t\t\t<\/div>\n\t\t\t\t<div class=\"elementor-element elementor-element-b522621 elementor-widget-divider--view-line elementor-widget elementor-widget-divider\" data-id=\"b522621\" data-element_type=\"widget\" data-widget_type=\"divider.default\">\n\t\t\t\t<div class=\"elementor-widget-container\">\n\t\t\t\t\t\t\t<div class=\"elementor-divider\">\n\t\t\t<span class=\"elementor-divider-separator\">\n\t\t\t\t\t\t<\/span>\n\t\t<\/div>\n\t\t\t\t\t\t<\/div>\n\t\t\t\t<\/div>\n\t\t\t\t<div class=\"elementor-element elementor-element-26da0bc elementor-widget elementor-widget-text-editor\" data-id=\"26da0bc\" data-element_type=\"widget\" data-widget_type=\"text-editor.default\">\n\t\t\t\t<div class=\"elementor-widget-container\">\n\t\t\t\t\t\t\t\t\t<p><strong>Caracter\u00edsticas principales:<\/strong><\/p><ul><li>Hasta <strong>100 usuarios<\/strong><\/li><li>Todas las funcionalidades del Plan B\u00e1sico, <strong>m\u00e1s<\/strong>:<ul><li><strong>Mentor\u00edas<\/strong>: M\u00f3dulo para solicitar y notificar sesiones de mentor\u00eda<\/li><li><strong>Grupos de trabajo<\/strong> privados y eventos con registro<\/li><li><strong>Estad\u00edsticas m\u00e1s detalladas<\/strong> (ej. gr\u00e1ficos de participaci\u00f3n por cap\u00edtulo)<\/li><\/ul><\/li><li><strong>2 sesiones de capacitaci\u00f3n<\/strong> (online)<\/li><li><strong>Soporte prioritario<\/strong> v\u00eda correo y chat interno<\/li><\/ul>\t\t\t\t\t\t\t\t<\/div>\n\t\t\t\t<\/div>\n\t\t\t\t<div class=\"elementor-element elementor-element-74542e5 elementor-widget-divider--view-line elementor-widget elementor-widget-divider\" data-id=\"74542e5\" data-element_type=\"widget\" data-widget_type=\"divider.default\">\n\t\t\t\t<div class=\"elementor-widget-container\">\n\t\t\t\t\t\t\t<div class=\"elementor-divider\">\n\t\t\t<span class=\"elementor-divider-separator\">\n\t\t\t\t\t\t<\/span>\n\t\t<\/div>\n\t\t\t\t\t\t<\/div>\n\t\t\t\t<\/div>\n\t\t\t\t<div class=\"elementor-element elementor-element-745030f elementor-widget elementor-widget-text-editor\" data-id=\"745030f\" data-element_type=\"widget\" data-widget_type=\"text-editor.default\">\n\t\t\t\t<div class=\"elementor-widget-container\">\n\t\t\t\t\t\t\t\t\t<strong>Setup<\/strong>: 400 USD<br>\n<strong>Suscripci\u00f3n Mensual<\/strong>: 150 USD<br>\n<strong>Hosting Anual<\/strong>: 400 USD\t\t\t\t\t\t\t\t<\/div>\n\t\t\t\t<\/div>\n\t\t\t\t<\/div>\n\t\t\t\t\t<\/div>\n\t\t\t\t<\/div>\n\t\t<div class=\"elementor-element elementor-element-ee8ee2a e-flex e-con-boxed e-con e-parent\" data-id=\"ee8ee2a\" data-element_type=\"container\">\n\t\t\t\t\t<div class=\"e-con-inner\">\n\t\t<div class=\"elementor-element elementor-element-2ad6843 e-con-full e-flex elementor-invisible e-con e-child\" data-id=\"2ad6843\" data-element_type=\"container\" data-settings=\"{&quot;animation&quot;:&quot;fadeInLeft&quot;}\">\n\t\t\t\t<div class=\"elementor-element elementor-element-a94d815 elementor-widget elementor-widget-text-editor\" data-id=\"a94d815\" data-element_type=\"widget\" data-widget_type=\"text-editor.default\">\n\t\t\t\t<div class=\"elementor-widget-container\">\n\t\t\t\t\t\t\t\t\t<p>Plan Premium<\/p>\t\t\t\t\t\t\t\t<\/div>\n\t\t\t\t<\/div>\n\t\t\t\t<div class=\"elementor-element elementor-element-b6b6233 elementor-widget elementor-widget-text-editor\" data-id=\"b6b6233\" data-element_type=\"widget\" data-widget_type=\"text-editor.default\">\n\t\t\t\t<div class=\"elementor-widget-container\">\n\t\t\t\t\t\t\t\t\tPensado para c\u00e1maras de comercio y redes empresariales con m\u00faltiples cap\u00edtulos y un volumen m\u00e1s amplio de afiliados. Ofrece personalizaci\u00f3n avanzada y soporte directo.\t\t\t\t\t\t\t\t<\/div>\n\t\t\t\t<\/div>\n\t\t\t\t<div class=\"elementor-element elementor-element-c0c397a elementor-widget-divider--view-line elementor-widget elementor-widget-divider\" data-id=\"c0c397a\" data-element_type=\"widget\" data-widget_type=\"divider.default\">\n\t\t\t\t<div class=\"elementor-widget-container\">\n\t\t\t\t\t\t\t<div class=\"elementor-divider\">\n\t\t\t<span class=\"elementor-divider-separator\">\n\t\t\t\t\t\t<\/span>\n\t\t<\/div>\n\t\t\t\t\t\t<\/div>\n\t\t\t\t<\/div>\n\t\t\t\t<div class=\"elementor-element elementor-element-6f92c89 elementor-widget elementor-widget-text-editor\" data-id=\"6f92c89\" data-element_type=\"widget\" data-widget_type=\"text-editor.default\">\n\t\t\t\t<div class=\"elementor-widget-container\">\n\t\t\t\t\t\t\t\t\t<p><strong>Caracter\u00edsticas principales:<\/strong><\/p><ul><li>Hasta <strong>300 usuarios<\/strong><\/li><li>Incluye <strong>todas<\/strong> las funciones de los planes anteriores, <strong>m\u00e1s<\/strong>:<ul><li><strong>Personalizaci\u00f3n de marca<\/strong>: Ajuste de colores, logos y banners para diferentes cap\u00edtulos<\/li><li><strong>Eventos avanzados<\/strong> con generaci\u00f3n de c\u00f3digos QR, confirmaciones y reportes de asistencia<\/li><li><strong>Integraci\u00f3n con videoconferencias<\/strong> (Google Meet u otras plataformas compatibles)<\/li><li><strong>Panel de administraci\u00f3n<\/strong> ampliado, con an\u00e1lisis de referidos, negocios y mentor\u00edas por mes\/a\u00f1o<\/li><\/ul><\/li><li><strong>3 sesiones de capacitaci\u00f3n<\/strong> + talleres espec\u00edficos<\/li><li><strong>Soporte telef\u00f3nico<\/strong> y respuestas en menos de 24 horas h\u00e1biles<\/li><\/ul>\t\t\t\t\t\t\t\t<\/div>\n\t\t\t\t<\/div>\n\t\t\t\t<div class=\"elementor-element elementor-element-d94c749 elementor-widget-divider--view-line elementor-widget elementor-widget-divider\" data-id=\"d94c749\" data-element_type=\"widget\" data-widget_type=\"divider.default\">\n\t\t\t\t<div class=\"elementor-widget-container\">\n\t\t\t\t\t\t\t<div class=\"elementor-divider\">\n\t\t\t<span class=\"elementor-divider-separator\">\n\t\t\t\t\t\t<\/span>\n\t\t<\/div>\n\t\t\t\t\t\t<\/div>\n\t\t\t\t<\/div>\n\t\t\t\t<div class=\"elementor-element elementor-element-3e98f77 elementor-widget elementor-widget-text-editor\" data-id=\"3e98f77\" data-element_type=\"widget\" data-widget_type=\"text-editor.default\">\n\t\t\t\t<div class=\"elementor-widget-container\">\n\t\t\t\t\t\t\t\t\t<strong>Setup<\/strong>: 600 USD <br><strong>Suscripci\u00f3n Mensual<\/strong>: 250 USD<br>\n<strong>Hosting Anual<\/strong>: 600 USD\t\t\t\t\t\t\t\t<\/div>\n\t\t\t\t<\/div>\n\t\t\t\t<\/div>\n\t\t<div class=\"elementor-element elementor-element-734c78a e-con-full e-flex elementor-invisible e-con e-child\" data-id=\"734c78a\" data-element_type=\"container\" data-settings=\"{&quot;animation&quot;:&quot;fadeInRight&quot;}\">\n\t\t\t\t<div class=\"elementor-element elementor-element-78ae11a elementor-widget elementor-widget-text-editor\" data-id=\"78ae11a\" data-element_type=\"widget\" data-widget_type=\"text-editor.default\">\n\t\t\t\t<div class=\"elementor-widget-container\">\n\t\t\t\t\t\t\t\t\t<p>Plan Enterprise<\/p>\t\t\t\t\t\t\t\t<\/div>\n\t\t\t\t<\/div>\n\t\t\t\t<div class=\"elementor-element elementor-element-c2235a4 elementor-widget elementor-widget-text-editor\" data-id=\"c2235a4\" data-element_type=\"widget\" data-widget_type=\"text-editor.default\">\n\t\t\t\t<div class=\"elementor-widget-container\">\n\t\t\t\t\t\t\t\t\t<p>La mejor opci\u00f3n para <strong>grandes c\u00e1maras de comercio o confederaciones<\/strong> con m\u00e1s de 300 o 500 usuarios, incluso miles de miembros. Ofrece <strong>personalizaci\u00f3n total<\/strong>, integraciones avanzadas y un nivel de soporte de primer nivel.<\/p>\t\t\t\t\t\t\t\t<\/div>\n\t\t\t\t<\/div>\n\t\t\t\t<div class=\"elementor-element elementor-element-efb919f elementor-widget-divider--view-line elementor-widget elementor-widget-divider\" data-id=\"efb919f\" data-element_type=\"widget\" data-widget_type=\"divider.default\">\n\t\t\t\t<div class=\"elementor-widget-container\">\n\t\t\t\t\t\t\t<div class=\"elementor-divider\">\n\t\t\t<span class=\"elementor-divider-separator\">\n\t\t\t\t\t\t<\/span>\n\t\t<\/div>\n\t\t\t\t\t\t<\/div>\n\t\t\t\t<\/div>\n\t\t\t\t<div class=\"elementor-element elementor-element-0aabfb7 elementor-widget elementor-widget-text-editor\" data-id=\"0aabfb7\" data-element_type=\"widget\" data-widget_type=\"text-editor.default\">\n\t\t\t\t<div class=\"elementor-widget-container\">\n\t\t\t\t\t\t\t\t\t<p><strong>Caracter\u00edsticas principales:<\/strong><\/p><ul><li><strong>Usuarios ilimitados<\/strong> (a convenir)<\/li><li>Incluye <strong>todas<\/strong> las funciones de los planes anteriores, <strong>m\u00e1s<\/strong>:<ul><li><strong>Integraciones personalizadas<\/strong> con CRM, ERP u otros sistemas que tu organizaci\u00f3n ya maneje<\/li><li><strong>M\u00f3dulo de reportes<\/strong> a la medida (por afiliado, cap\u00edtulo, industria, localizaci\u00f3n geogr\u00e1fica, etc.)<\/li><li><strong>Soporte VIP<\/strong> con asignaci\u00f3n de un asesor t\u00e9cnico y acompa\u00f1amiento continuo<\/li><li><strong>Formaci\u00f3n in-house<\/strong> (capacitaciones presenciales u online seg\u00fan sea necesario)<\/li><\/ul><\/li><li><strong>Cuotas y setup<\/strong> a convenir, seg\u00fan la complejidad y tama\u00f1o del proyecto<\/li><\/ul>\t\t\t\t\t\t\t\t<\/div>\n\t\t\t\t<\/div>\n\t\t\t\t<div class=\"elementor-element elementor-element-25f3def elementor-widget-divider--view-line elementor-widget elementor-widget-divider\" data-id=\"25f3def\" data-element_type=\"widget\" data-widget_type=\"divider.default\">\n\t\t\t\t<div class=\"elementor-widget-container\">\n\t\t\t\t\t\t\t<div class=\"elementor-divider\">\n\t\t\t<span class=\"elementor-divider-separator\">\n\t\t\t\t\t\t<\/span>\n\t\t<\/div>\n\t\t\t\t\t\t<\/div>\n\t\t\t\t<\/div>\n\t\t\t\t<div class=\"elementor-element elementor-element-50cf078 elementor-widget elementor-widget-text-editor\" data-id=\"50cf078\" data-element_type=\"widget\" data-widget_type=\"text-editor.default\">\n\t\t\t\t<div class=\"elementor-widget-container\">\n\t\t\t\t\t\t\t\t\t<p><strong>Recomendado<\/strong> para entidades que necesitan un <strong>alto grado de adaptaci\u00f3n<\/strong>, an\u00e1lisis de datos masivos y una <strong>infraestructura robusta<\/strong> respaldada por acuerdos de nivel de servicio (SLA).<\/p>\t\t\t\t\t\t\t\t<\/div>\n\t\t\t\t<\/div>\n\t\t\t\t<\/div>\n\t\t\t\t\t<\/div>\n\t\t\t\t<\/div>\n\t\t<div class=\"elementor-element elementor-element-2148740 e-flex e-con-boxed e-con e-parent\" data-id=\"2148740\" data-element_type=\"container\" data-settings=\"{&quot;background_background&quot;:&quot;classic&quot;}\">\n\t\t\t\t\t<div class=\"e-con-inner\">\n\t\t<div class=\"elementor-element elementor-element-c1d76be e-con-full e-flex e-con e-child\" data-id=\"c1d76be\" data-element_type=\"container\">\n\t\t\t\t<div class=\"elementor-element elementor-element-a5a556c elementor-widget elementor-widget-text-editor\" data-id=\"a5a556c\" data-element_type=\"widget\" data-widget_type=\"text-editor.default\">\n\t\t\t\t<div class=\"elementor-widget-container\">\n\t\t\t\t\t\t\t\t\t<p>Descuentos por Pago Anual<\/p>\t\t\t\t\t\t\t\t<\/div>\n\t\t\t\t<\/div>\n\t\t\t\t<div class=\"elementor-element elementor-element-38efc86 elementor-widget elementor-widget-text-editor\" data-id=\"38efc86\" data-element_type=\"widget\" data-widget_type=\"text-editor.default\">\n\t\t\t\t<div class=\"elementor-widget-container\">\n\t\t\t\t\t\t\t\t\t<p>\u2022 Al contratar de manera anual (en vez de mensual), se pueden ofrecer 2 meses de cortes\u00eda o un porcentaje de descuento (10-20%).<\/p><p>\u2022 Esto facilita la gesti\u00f3n de pagos de la organizaci\u00f3n y asegura la continuidad de la plataforma por todo el ciclo de membres\u00edas.<\/p>\t\t\t\t\t\t\t\t<\/div>\n\t\t\t\t<\/div>\n\t\t\t\t<div class=\"elementor-element elementor-element-7b02448 elementor-widget elementor-widget-button\" data-id=\"7b02448\" data-element_type=\"widget\" data-widget_type=\"button.default\">\n\t\t\t\t<div class=\"elementor-widget-container\">\n\t\t\t\t\t\t\t\t\t<div class=\"elementor-button-wrapper\">\n\t\t\t\t\t<a class=\"elementor-button elementor-button-link elementor-size-sm\" href=\"https:\/\/rocwork.space\/connecti\/contact\/\">\n\t\t\t\t\t\t<span class=\"elementor-button-content-wrapper\">\n\t\t\t\t\t\t<span class=\"elementor-button-icon\">\n\t\t\t\t<svg aria-hidden=\"true\" class=\"e-font-icon-svg e-far-arrow-alt-circle-right\" viewBox=\"0 0 512 512\" xmlns=\"http:\/\/www.w3.org\/2000\/svg\"><path d=\"M504 256C504 119 393 8 256 8S8 119 8 256s111 248 248 248 248-111 248-248zm-448 0c0-110.5 89.5-200 200-200s200 89.5 200 200-89.5 200-200 200S56 366.5 56 256zm72 20v-40c0-6.6 5.4-12 12-12h116v-67c0-10.7 12.9-16 20.5-8.5l99 99c4.7 4.7 4.7 12.3 0 17l-99 99c-7.6 7.6-20.5 2.2-20.5-8.5v-67H140c-6.6 0-12-5.4-12-12z\"><\/path><\/svg>\t\t\t<\/span>\n\t\t\t\t\t\t\t\t\t<span class=\"elementor-button-text\">Contactar con un asesor<\/span>\n\t\t\t\t\t<\/span>\n\t\t\t\t\t<\/a>\n\t\t\t\t<\/div>\n\t\t\t\t\t\t\t\t<\/div>\n\t\t\t\t<\/div>\n\t\t\t\t<\/div>\n\t\t\t\t\t<\/div>\n\t\t\t\t<\/div>\n\t\t\t\t<\/div>\n\t\t","protected":false},"excerpt":{"rendered":"<p>Planes Connecti Pro est\u00e1 aqu\u00ed para acompa\u00f1arte en tu camino de digitalizar y dinamizar tu comunidad de negocios. Connecti Pro Ofrece&#8230;<\/p>\n","protected":false},"author":1,"featured_media":0,"parent":0,"menu_order":0,"comment_status":"closed","ping_status":"closed","template":"full-width.php","meta":{"footnotes":""},"class_list":["post-7435","page","type-page","status-publish","hentry"],"_links":{"self":[{"href":"https:\/\/rocwork.space\/connecti\/wp-json\/wp\/v2\/pages\/7435","targetHints":{"allow":["GET"]}}],"collection":[{"href":"https:\/\/rocwork.space\/connecti\/wp-json\/wp\/v2\/pages"}],"about":[{"href":"https:\/\/rocwork.space\/connecti\/wp-json\/wp\/v2\/types\/page"}],"author":[{"embeddable":true,"href":"https:\/\/rocwork.space\/connecti\/wp-json\/wp\/v2\/users\/1"}],"replies":[{"embeddable":true,"href":"https:\/\/rocwork.space\/connecti\/wp-json\/wp\/v2\/comments?post=7435"}],"version-history":[{"count":43,"href":"https:\/\/rocwork.space\/connecti\/wp-json\/wp\/v2\/pages\/7435\/revisions"}],"predecessor-version":[{"id":7620,"href":"https:\/\/rocwork.space\/connecti\/wp-json\/wp\/v2\/pages\/7435\/revisions\/7620"}],"wp:attachment":[{"href":"https:\/\/rocwork.space\/connecti\/wp-json\/wp\/v2\/media?parent=7435"}],"curies":[{"name":"wp","href":"https:\/\/api.w.org\/{rel}","templated":true}]}}