{"id":598,"date":"2015-10-22T10:42:14","date_gmt":"2015-10-22T09:42:14","guid":{"rendered":"https:\/\/startit.qodeinteractive.com\/elementor\/?page_id=598"},"modified":"2025-03-28T20:44:00","modified_gmt":"2025-03-28T20:44:00","slug":"contact","status":"publish","type":"page","link":"https:\/\/rocwork.space\/connecti\/contact\/","title":{"rendered":"Contacto"},"content":{"rendered":"\t\t<div data-elementor-type=\"wp-page\" data-elementor-id=\"598\" class=\"elementor elementor-598\">\n\t\t\t\t\t\t<section class=\"elementor-section elementor-top-section elementor-element elementor-element-115dac05 qodef_elementor_container_inner elementor-section-boxed elementor-section-height-default elementor-section-height-default parallax_section_no\" data-id=\"115dac05\" data-element_type=\"section\">\n\t\t\t\t\t\t<div class=\"elementor-container elementor-column-gap-default\">\n\t\t\t\t\t<div class=\"elementor-column elementor-col-100 elementor-top-column elementor-element elementor-element-58210a79\" data-id=\"58210a79\" data-element_type=\"column\">\n\t\t\t<div class=\"elementor-widget-wrap elementor-element-populated\">\n\t\t\t\t\t\t<div class=\"elementor-element elementor-element-4dcef16 elementor-widget elementor-widget-text-editor\" data-id=\"4dcef16\" data-element_type=\"widget\" data-widget_type=\"text-editor.default\">\n\t\t\t\t<div class=\"elementor-widget-container\">\n\t\t\t\t\t\t\t\t\t<p>\u00a1Si tienes preguntas, cont\u00e1ctanos de inmediato!<\/p>\t\t\t\t\t\t\t\t<\/div>\n\t\t\t\t<\/div>\n\t\t\t\t<div class=\"elementor-element elementor-element-f1e9101 elementor-widget elementor-widget-spacer\" data-id=\"f1e9101\" data-element_type=\"widget\" data-widget_type=\"spacer.default\">\n\t\t\t\t<div class=\"elementor-widget-container\">\n\t\t\t\t\t\t\t<div class=\"elementor-spacer\">\n\t\t\t<div class=\"elementor-spacer-inner\"><\/div>\n\t\t<\/div>\n\t\t\t\t\t\t<\/div>\n\t\t\t\t<\/div>\n\t\t\t\t<div class=\"elementor-element elementor-element-48ddb5e elementor-widget elementor-widget-text-editor\" data-id=\"48ddb5e\" data-element_type=\"widget\" data-widget_type=\"text-editor.default\">\n\t\t\t\t<div class=\"elementor-widget-container\">\n\t\t\t\t\t\t\t\t\t<p>En Connecti Pro queremos que tu experiencia sea fluida y productiva. Si encuentras dudas o dificultades, aqu\u00ed encontrar\u00e1s recursos, gu\u00edas y un equipo de soporte listo para ayudarte.<\/p>\t\t\t\t\t\t\t\t<\/div>\n\t\t\t\t<\/div>\n\t\t\t\t\t<\/div>\n\t\t<\/div>\n\t\t\t\t\t<\/div>\n\t\t<\/section>\n\t\t\t\t<section class=\"elementor-section elementor-top-section elementor-element elementor-element-56012bd qodef_elementor_container_inner elementor-section-boxed elementor-section-height-default elementor-section-height-default parallax_section_no\" data-id=\"56012bd\" data-element_type=\"section\">\n\t\t\t\t\t\t<div class=\"elementor-container elementor-column-gap-default\">\n\t\t\t\t\t<div class=\"elementor-column elementor-col-50 elementor-top-column elementor-element elementor-element-80bfbf3\" data-id=\"80bfbf3\" data-element_type=\"column\">\n\t\t\t<div class=\"elementor-widget-wrap elementor-element-populated\">\n\t\t\t\t\t\t<div class=\"elementor-element elementor-element-e09fe66 elementor-widget elementor-widget-qodef_cf_7\" data-id=\"e09fe66\" data-element_type=\"widget\" data-widget_type=\"qodef_cf_7.default\">\n\t\t\t\t<div class=\"elementor-widget-container\">\n\t\t\t\t\t    <div class=\"qodef-contact-form-7 qodef-contact-form-7-0\">\n    \n<div class=\"wpcf7 no-js\" id=\"wpcf7-f616-o1\" lang=\"en-US\" dir=\"ltr\" data-wpcf7-id=\"616\">\n<div class=\"screen-reader-response\"><p role=\"status\" aria-live=\"polite\" aria-atomic=\"true\"><\/p> <ul><\/ul><\/div>\n<form action=\"\/connecti\/wp-json\/wp\/v2\/pages\/598#wpcf7-f616-o1\" method=\"post\" class=\"wpcf7-form init default\" aria-label=\"Contact form\" novalidate=\"novalidate\" data-status=\"init\">\n<div style=\"display: none;\">\n<input type=\"hidden\" name=\"_wpcf7\" value=\"616\" \/>\n<input type=\"hidden\" name=\"_wpcf7_version\" value=\"6.0.4\" \/>\n<input type=\"hidden\" name=\"_wpcf7_locale\" value=\"en_US\" \/>\n<input type=\"hidden\" name=\"_wpcf7_unit_tag\" value=\"wpcf7-f616-o1\" \/>\n<input type=\"hidden\" name=\"_wpcf7_container_post\" value=\"0\" \/>\n<input type=\"hidden\" name=\"_wpcf7_posted_data_hash\" value=\"\" \/>\n<\/div>\n<div class=\"qodef-two-columns-50-50\">\n<div class=\"qodef-two-columns-50-50-inner\">\n<div class=\"qodef-column\">\n<div class=\"qodef-column-inner\">\n<span class=\"qodef-input-title\">Nombre<\/span>\n<span class=\"wpcf7-form-control-wrap\" data-name=\"your-name\"><input size=\"40\" maxlength=\"400\" class=\"wpcf7-form-control wpcf7-text wpcf7-validates-as-required\" aria-required=\"true\" aria-invalid=\"false\" value=\"\" type=\"text\" name=\"your-name\" \/><\/span>\n<\/div>\n<\/div>\n<div class=\"qodef-column\">\n<div class=\"qodef-column-inner\">\n<span class=\"qodef-input-title\">Email<\/span>\n<span class=\"wpcf7-form-control-wrap\" data-name=\"your-email\"><input size=\"40\" maxlength=\"400\" class=\"wpcf7-form-control wpcf7-email wpcf7-validates-as-required wpcf7-text wpcf7-validates-as-email\" aria-required=\"true\" aria-invalid=\"false\" value=\"\" type=\"email\" name=\"your-email\" \/><\/span>\n<\/div>\n<\/div>\n<\/div>\n<\/div>\n<div>\n<span class=\"qodef-input-title\">Subject<\/span>\n<span class=\"wpcf7-form-control-wrap\" data-name=\"your-subject\"><input size=\"40\" maxlength=\"400\" class=\"wpcf7-form-control wpcf7-text wpcf7-validates-as-required\" aria-required=\"true\" aria-invalid=\"false\" value=\"\" type=\"text\" name=\"your-subject\" \/><\/span>\n<\/div>\n<div>\n<span class=\"qodef-input-title\">Mensaje<\/span>\n<span class=\"wpcf7-form-control-wrap\" data-name=\"your-message\"><textarea cols=\"40\" rows=\"10\" maxlength=\"2000\" class=\"wpcf7-form-control wpcf7-textarea\" aria-invalid=\"false\" name=\"your-message\"><\/textarea><\/span>\n<\/div>\n<div>\n<input class=\"wpcf7-form-control wpcf7-submit has-spinner\" type=\"submit\" value=\"Send message\" \/>\n<\/div><div class=\"wpcf7-response-output\" aria-hidden=\"true\"><\/div>\n<\/form>\n<\/div>\n    <\/div>\n\t\t\t\t<\/div>\n\t\t\t\t<\/div>\n\t\t\t\t<div class=\"elementor-element elementor-element-cacdccc elementor-widget elementor-widget-spacer\" data-id=\"cacdccc\" data-element_type=\"widget\" data-widget_type=\"spacer.default\">\n\t\t\t\t<div class=\"elementor-widget-container\">\n\t\t\t\t\t\t\t<div class=\"elementor-spacer\">\n\t\t\t<div class=\"elementor-spacer-inner\"><\/div>\n\t\t<\/div>\n\t\t\t\t\t\t<\/div>\n\t\t\t\t<\/div>\n\t\t\t\t\t<\/div>\n\t\t<\/div>\n\t\t\t\t<div class=\"elementor-column elementor-col-50 elementor-top-column elementor-element elementor-element-edfe0aa\" data-id=\"edfe0aa\" data-element_type=\"column\">\n\t\t\t<div class=\"elementor-widget-wrap elementor-element-populated\">\n\t\t\t\t\t\t<div class=\"elementor-element elementor-element-f7387ea elementor-widget elementor-widget-image\" data-id=\"f7387ea\" data-element_type=\"widget\" data-widget_type=\"image.default\">\n\t\t\t\t<div class=\"elementor-widget-container\">\n\t\t\t\t\t\t\t\t\t\t\t\t\t\t\t<img fetchpriority=\"high\" decoding=\"async\" width=\"761\" height=\"1024\" src=\"https:\/\/rocwork.space\/connecti\/wp-content\/uploads\/2025\/03\/contacto-761x1024.png\" class=\"attachment-large size-large wp-image-7648\" alt=\"\" srcset=\"https:\/\/rocwork.space\/connecti\/wp-content\/uploads\/2025\/03\/contacto-761x1024.png 761w, https:\/\/rocwork.space\/connecti\/wp-content\/uploads\/2025\/03\/contacto-223x300.png 223w, https:\/\/rocwork.space\/connecti\/wp-content\/uploads\/2025\/03\/contacto-768x1033.png 768w, https:\/\/rocwork.space\/connecti\/wp-content\/uploads\/2025\/03\/contacto-600x807.png 600w, https:\/\/rocwork.space\/connecti\/wp-content\/uploads\/2025\/03\/contacto.png 812w\" sizes=\"(max-width: 761px) 100vw, 761px\" \/>\t\t\t\t\t\t\t\t\t\t\t\t\t\t\t<\/div>\n\t\t\t\t<\/div>\n\t\t\t\t\t<\/div>\n\t\t<\/div>\n\t\t\t\t\t<\/div>\n\t\t<\/section>\n\t\t\t\t<\/div>\n\t\t","protected":false},"excerpt":{"rendered":"<p>\u00a1Si tienes preguntas, cont\u00e1ctanos de inmediato! En Connecti Pro queremos que tu experiencia sea fluida y productiva. Si encuentras dudas o&#8230;<\/p>\n","protected":false},"author":1,"featured_media":0,"parent":0,"menu_order":0,"comment_status":"closed","ping_status":"closed","template":"full-width.php","meta":{"footnotes":""},"class_list":["post-598","page","type-page","status-publish","hentry"],"_links":{"self":[{"href":"https:\/\/rocwork.space\/connecti\/wp-json\/wp\/v2\/pages\/598","targetHints":{"allow":["GET"]}}],"collection":[{"href":"https:\/\/rocwork.space\/connecti\/wp-json\/wp\/v2\/pages"}],"about":[{"href":"https:\/\/rocwork.space\/connecti\/wp-json\/wp\/v2\/types\/page"}],"author":[{"embeddable":true,"href":"https:\/\/rocwork.space\/connecti\/wp-json\/wp\/v2\/users\/1"}],"replies":[{"embeddable":true,"href":"https:\/\/rocwork.space\/connecti\/wp-json\/wp\/v2\/comments?post=598"}],"version-history":[{"count":20,"href":"https:\/\/rocwork.space\/connecti\/wp-json\/wp\/v2\/pages\/598\/revisions"}],"predecessor-version":[{"id":7657,"href":"https:\/\/rocwork.space\/connecti\/wp-json\/wp\/v2\/pages\/598\/revisions\/7657"}],"wp:attachment":[{"href":"https:\/\/rocwork.space\/connecti\/wp-json\/wp\/v2\/media?parent=598"}],"curies":[{"name":"wp","href":"https:\/\/api.w.org\/{rel}","templated":true}]}}